{"id":1897,"date":"2024-01-14T15:48:21","date_gmt":"2024-01-14T15:48:21","guid":{"rendered":"https:\/\/adriacaminofestival.com\/alloggio\/"},"modified":"2025-07-08T13:24:38","modified_gmt":"2025-07-08T13:24:38","slug":"alloggio","status":"publish","type":"page","link":"https:\/\/adriacaminofestival.com\/it\/alloggio\/","title":{"rendered":"Alloggio"},"content":{"rendered":"\t\t<div data-elementor-type=\"wp-page\" data-elementor-id=\"1897\" class=\"elementor elementor-1897 elementor-582\" data-elementor-post-type=\"page\">\n\t\t\t\t\t\t<section class=\"elementor-section elementor-top-section elementor-element elementor-element-f615c6e elementor-section-height-min-height elementor-section-full_width elementor-section-height-default elementor-section-items-middle\" data-id=\"f615c6e\" data-element_type=\"section\" data-settings=\"{&quot;background_background&quot;:&quot;classic&quot;}\">\n\t\t\t\t\t\t<div class=\"elementor-container elementor-column-gap-default\">\n\t\t\t\t\t<div class=\"elementor-column elementor-col-100 elementor-top-column elementor-element elementor-element-7e61b8c\" data-id=\"7e61b8c\" data-element_type=\"column\" data-settings=\"{&quot;background_background&quot;:&quot;classic&quot;}\">\n\t\t\t<div class=\"elementor-widget-wrap elementor-element-populated\">\n\t\t\t\t\t\t<div class=\"elementor-element elementor-element-a2cb185 elementor-widget elementor-widget-spacer\" data-id=\"a2cb185\" data-element_type=\"widget\" data-widget_type=\"spacer.default\">\n\t\t\t\t<div class=\"elementor-widget-container\">\n\t\t\t\t\t\t\t<div class=\"elementor-spacer\">\n\t\t\t<div class=\"elementor-spacer-inner\"><\/div>\n\t\t<\/div>\n\t\t\t\t\t\t<\/div>\n\t\t\t\t<\/div>\n\t\t\t\t\t<\/div>\n\t\t<\/div>\n\t\t\t\t\t<\/div>\n\t\t<\/section>\n\t\t\t\t<section class=\"elementor-section elementor-top-section elementor-element elementor-element-ff6a9a3 elementor-section-boxed elementor-section-height-default elementor-section-height-default\" data-id=\"ff6a9a3\" data-element_type=\"section\">\n\t\t\t\t\t\t<div class=\"elementor-container elementor-column-gap-default\">\n\t\t\t\t\t<div class=\"elementor-column elementor-col-100 elementor-top-column elementor-element elementor-element-282f84f\" data-id=\"282f84f\" data-element_type=\"column\">\n\t\t\t<div class=\"elementor-widget-wrap elementor-element-populated\">\n\t\t\t\t\t\t<div class=\"elementor-element elementor-element-843da6a elementor-widget elementor-widget-text-editor\" data-id=\"843da6a\" data-element_type=\"widget\" data-widget_type=\"text-editor.default\">\n\t\t\t\t<div class=\"elementor-widget-container\">\n\t\t\t\t\t\t\t\t\t<h4 style=\"text-align: center;\"><span style=\"color: #4054b2;\">Alloggio<\/span><\/h4><p style=\"text-align: center;\"><span style=\"color: #000000;\">Il 2\u00b0 Festival Adria Camino si terr\u00e0 il 26, 27 e 28 settembre 2025 nel centro storico di Sebenico, presso l&#8217;edificio del Teatro Nazionale Croato (<a href=\"https:\/\/maps.app.goo.gl\/hhACP58CqcKu3iES9\">posizione Google Maps<\/a>) e in altri luoghi del centro storico. <\/span><span style=\"color: #000000; font-size: 1rem;\">I partecipanti al festival hanno a disposizione una vasta gamma di opzioni di alloggio nel centro storico di Sebenico e nelle vicinanze.<\/span><\/p>\t\t\t\t\t\t\t\t<\/div>\n\t\t\t\t<\/div>\n\t\t\t\t\t<\/div>\n\t\t<\/div>\n\t\t\t\t\t<\/div>\n\t\t<\/section>\n\t\t\t\t<section class=\"elementor-section elementor-top-section elementor-element elementor-element-4fad04c elementor-section-boxed elementor-section-height-default elementor-section-height-default\" data-id=\"4fad04c\" data-element_type=\"section\">\n\t\t\t\t\t\t<div class=\"elementor-container elementor-column-gap-default\">\n\t\t\t\t\t<div class=\"elementor-column elementor-col-50 elementor-top-column elementor-element elementor-element-26b009c\" data-id=\"26b009c\" data-element_type=\"column\" data-settings=\"{&quot;background_background&quot;:&quot;classic&quot;}\">\n\t\t\t<div class=\"elementor-widget-wrap elementor-element-populated\">\n\t\t\t\t\t\t<div class=\"elementor-element elementor-element-63a8f21 elementor-widget elementor-widget-button\" data-id=\"63a8f21\" data-element_type=\"widget\" data-widget_type=\"button.default\">\n\t\t\t\t<div class=\"elementor-widget-container\">\n\t\t\t\t\t\t\t\t\t<div class=\"elementor-button-wrapper\">\n\t\t\t\t\t<a class=\"elementor-button elementor-size-sm\" role=\"button\">\n\t\t\t\t\t\t<span class=\"elementor-button-content-wrapper\">\n\t\t\t\t\t\t\t\t\t<span class=\"elementor-button-text\">Alloggio a Sebenico<\/span>\n\t\t\t\t\t<\/span>\n\t\t\t\t\t<\/a>\n\t\t\t\t<\/div>\n\t\t\t\t\t\t\t\t<\/div>\n\t\t\t\t<\/div>\n\t\t\t\t\t<\/div>\n\t\t<\/div>\n\t\t\t\t<div class=\"elementor-column elementor-col-50 elementor-top-column elementor-element elementor-element-b8562ff\" data-id=\"b8562ff\" data-element_type=\"column\" data-settings=\"{&quot;background_background&quot;:&quot;classic&quot;}\">\n\t\t\t<div class=\"elementor-widget-wrap elementor-element-populated\">\n\t\t\t\t\t\t<div class=\"elementor-element elementor-element-78e5074 elementor-widget elementor-widget-text-editor\" data-id=\"78e5074\" data-element_type=\"widget\" data-widget_type=\"text-editor.default\">\n\t\t\t\t<div class=\"elementor-widget-container\">\n\t\t\t\t\t\t\t\t\t<p>Il programma del Festival si svolger\u00e0 in varie localit\u00e0 del centro storico di Sebenico. C&#8217;\u00e8 una vasta gamma di opzioni di alloggio disponibili, dagli ostelli, agli alloggi privati agli hotel a 4 stelle. <\/p><p>\u00c8 possibile controllare le opzioni di alloggio disponibili sul <a href=\"https:\/\/www.sibenik-tourism.hr\/stranice\/smjestaj\/4\/en.html\">sito web dell&#8217;Ente per il turismo di Sebenico<\/a> o effettuare una prenotazione su <a href=\"https:\/\/tinyl.co\/3Rz8\">Booking.com<\/a><\/p>\t\t\t\t\t\t\t\t<\/div>\n\t\t\t\t<\/div>\n\t\t\t\t\t<\/div>\n\t\t<\/div>\n\t\t\t\t\t<\/div>\n\t\t<\/section>\n\t\t\t\t<\/div>\n\t\t","protected":false},"excerpt":{"rendered":"<p>Alloggio Il 2\u00b0 Festival Adria Camino si terr\u00e0 il 26, 27 e 28 settembre 2025 nel centro storico di Sebenico, presso l&#8217;edificio del Teatro Nazionale Croato (posizione Google Maps) e in altri luoghi del centro storico. I partecipanti al festival hanno a disposizione una vasta gamma di opzioni di alloggio nel centro storico di Sebenico [&hellip;]<\/p>\n","protected":false},"author":1,"featured_media":0,"parent":0,"menu_order":0,"comment_status":"closed","ping_status":"closed","template":"","meta":{"footnotes":""},"folder":[],"class_list":["post-1897","page","type-page","status-publish","hentry"],"_links":{"self":[{"href":"https:\/\/adriacaminofestival.com\/it\/wp-json\/wp\/v2\/pages\/1897","targetHints":{"allow":["GET"]}}],"collection":[{"href":"https:\/\/adriacaminofestival.com\/it\/wp-json\/wp\/v2\/pages"}],"about":[{"href":"https:\/\/adriacaminofestival.com\/it\/wp-json\/wp\/v2\/types\/page"}],"author":[{"embeddable":true,"href":"https:\/\/adriacaminofestival.com\/it\/wp-json\/wp\/v2\/users\/1"}],"replies":[{"embeddable":true,"href":"https:\/\/adriacaminofestival.com\/it\/wp-json\/wp\/v2\/comments?post=1897"}],"version-history":[{"count":1,"href":"https:\/\/adriacaminofestival.com\/it\/wp-json\/wp\/v2\/pages\/1897\/revisions"}],"predecessor-version":[{"id":1898,"href":"https:\/\/adriacaminofestival.com\/it\/wp-json\/wp\/v2\/pages\/1897\/revisions\/1898"}],"wp:attachment":[{"href":"https:\/\/adriacaminofestival.com\/it\/wp-json\/wp\/v2\/media?parent=1897"}],"wp:term":[{"taxonomy":"folder","embeddable":true,"href":"https:\/\/adriacaminofestival.com\/it\/wp-json\/wp\/v2\/folder?post=1897"}],"curies":[{"name":"wp","href":"https:\/\/api.w.org\/{rel}","templated":true}]}}