{"id":2060,"date":"2024-01-14T14:39:47","date_gmt":"2024-01-14T14:39:47","guid":{"rendered":"https:\/\/adriacaminofestival.com\/arrivo\/"},"modified":"2025-07-08T13:25:20","modified_gmt":"2025-07-08T13:25:20","slug":"arrivo","status":"publish","type":"page","link":"https:\/\/adriacaminofestival.com\/it\/arrivo\/","title":{"rendered":"Arrivo"},"content":{"rendered":"\t\t<div data-elementor-type=\"wp-page\" data-elementor-id=\"2060\" class=\"elementor elementor-2060 elementor-471\" data-elementor-post-type=\"page\">\n\t\t\t\t\t\t<section class=\"elementor-section elementor-top-section elementor-element elementor-element-2570e3b elementor-section-height-min-height elementor-section-full_width elementor-section-height-default elementor-section-items-middle\" data-id=\"2570e3b\" data-element_type=\"section\" data-settings=\"{&quot;background_background&quot;:&quot;classic&quot;}\">\n\t\t\t\t\t\t<div class=\"elementor-container elementor-column-gap-default\">\n\t\t\t\t\t<div class=\"elementor-column elementor-col-100 elementor-top-column elementor-element elementor-element-2f3f078\" data-id=\"2f3f078\" data-element_type=\"column\" data-settings=\"{&quot;background_background&quot;:&quot;classic&quot;}\">\n\t\t\t<div class=\"elementor-widget-wrap elementor-element-populated\">\n\t\t\t\t\t\t<div class=\"elementor-element elementor-element-ca3da78 elementor-widget elementor-widget-spacer\" data-id=\"ca3da78\" data-element_type=\"widget\" data-widget_type=\"spacer.default\">\n\t\t\t\t<div class=\"elementor-widget-container\">\n\t\t\t\t\t\t\t<div class=\"elementor-spacer\">\n\t\t\t<div class=\"elementor-spacer-inner\"><\/div>\n\t\t<\/div>\n\t\t\t\t\t\t<\/div>\n\t\t\t\t<\/div>\n\t\t\t\t\t<\/div>\n\t\t<\/div>\n\t\t\t\t\t<\/div>\n\t\t<\/section>\n\t\t\t\t<section class=\"elementor-section elementor-top-section elementor-element elementor-element-e3a9577 elementor-section-boxed elementor-section-height-default elementor-section-height-default\" data-id=\"e3a9577\" data-element_type=\"section\">\n\t\t\t\t\t\t<div class=\"elementor-container elementor-column-gap-default\">\n\t\t\t\t\t<div class=\"elementor-column elementor-col-100 elementor-top-column elementor-element elementor-element-8c5514e\" data-id=\"8c5514e\" data-element_type=\"column\">\n\t\t\t<div class=\"elementor-widget-wrap elementor-element-populated\">\n\t\t\t\t\t\t<div class=\"elementor-element elementor-element-4602d05 elementor-widget elementor-widget-text-editor\" data-id=\"4602d05\" data-element_type=\"widget\" data-widget_type=\"text-editor.default\">\n\t\t\t\t<div class=\"elementor-widget-container\">\n\t\t\t\t\t\t\t\t\t<h4 style=\"text-align: center;\"><span style=\"color: #4054b2;\">Arrivo  <\/span><\/h4><p style=\"text-align: center;\"><span style=\"color: #000000;\">Il 2\u00b0 Festival Adria Camino si terr\u00e0 dal 26 al 28 settembre 2025 nella citt\u00e0 di Sebenico in Croazia.<\/span><\/p><p style=\"text-align: center;\"><span style=\"color: #000000;\">  La citt\u00e0 di Sebenico \u00e8 raggiungibile in aereo da varie destinazioni europee, in autobus o in auto. Gli aeroporti di Zara e Spalato sono i pi\u00f9 vicini e offrono una selezione di voli low cost da varie destinazioni europee. Per la pianificazione del viaggio <a href=\"https:\/\/www.rome2rio.com\/\">il sito Rome2Rio<\/a> \u00e8 uno strumento utile.  <\/span><\/p><p style=\"text-align: center;\"><span style=\"color: #000000;\"><b>RACCOMANDAZIONE:<\/b> <a href=\"https:\/\/www.ryanair.com\/flights\/gb\/en\/flights-to-zadar\">Ryanair<\/a> offre voli varie destinazioni europee per Zara che arrivano il gioved\u00ec (25.09) e tornano il luned\u00ec (29.09.). Ci sar\u00e0 un servizio di trasferimento gratuito dall&#8217;aeroporto di Zara e Sebenico il gioved\u00ec sera di ogni luned\u00ec mattina. Assicurati solo di registrarti qui.  <\/span><\/p>\t\t\t\t\t\t\t\t<\/div>\n\t\t\t\t<\/div>\n\t\t\t\t\t<\/div>\n\t\t<\/div>\n\t\t\t\t\t<\/div>\n\t\t<\/section>\n\t\t\t\t<section class=\"elementor-section elementor-top-section elementor-element elementor-element-bf410ba elementor-section-boxed elementor-section-height-default elementor-section-height-default\" data-id=\"bf410ba\" data-element_type=\"section\">\n\t\t\t\t\t\t<div class=\"elementor-container elementor-column-gap-default\">\n\t\t\t\t\t<div class=\"elementor-column elementor-col-50 elementor-top-column elementor-element elementor-element-2cb5168\" data-id=\"2cb5168\" data-element_type=\"column\" data-settings=\"{&quot;background_background&quot;:&quot;classic&quot;}\">\n\t\t\t<div class=\"elementor-widget-wrap elementor-element-populated\">\n\t\t\t\t\t\t<div class=\"elementor-element elementor-element-a321c26 elementor-widget elementor-widget-button\" data-id=\"a321c26\" data-element_type=\"widget\" data-widget_type=\"button.default\">\n\t\t\t\t<div class=\"elementor-widget-container\">\n\t\t\t\t\t\t\t\t\t<div class=\"elementor-button-wrapper\">\n\t\t\t\t\t<a class=\"elementor-button elementor-size-sm\" role=\"button\">\n\t\t\t\t\t\t<span class=\"elementor-button-content-wrapper\">\n\t\t\t\t\t\t\t\t\t<span class=\"elementor-button-text\">In aereo<\/span>\n\t\t\t\t\t<\/span>\n\t\t\t\t\t<\/a>\n\t\t\t\t<\/div>\n\t\t\t\t\t\t\t\t<\/div>\n\t\t\t\t<\/div>\n\t\t\t\t\t<\/div>\n\t\t<\/div>\n\t\t\t\t<div class=\"elementor-column elementor-col-50 elementor-top-column elementor-element elementor-element-06f0471\" data-id=\"06f0471\" data-element_type=\"column\" data-settings=\"{&quot;background_background&quot;:&quot;classic&quot;}\">\n\t\t\t<div class=\"elementor-widget-wrap elementor-element-populated\">\n\t\t\t\t\t\t<div class=\"elementor-element elementor-element-0f4bbb5 elementor-widget elementor-widget-text-editor\" data-id=\"0f4bbb5\" data-element_type=\"widget\" data-widget_type=\"text-editor.default\">\n\t\t\t\t<div class=\"elementor-widget-container\">\n\t\t\t\t\t\t\t\t\t<p><span style=\"color: #4054b2;\"><strong>IN AEREO<\/strong><\/span><\/p><p><a href=\"https:\/\/www.zadar-airport.hr\/en\">Sito web dell&#8217;aeroporto <\/a>di Zara (Croazia) &#8211; 75 km da Sebenico<br>Sito web dell&#8217;aeroporto di Spalato (Croazia) &#8211; 55 km da Sebenico<\/p><p>Servizio di trasferimento gratuito da<\/p>\t\t\t\t\t\t\t\t<\/div>\n\t\t\t\t<\/div>\n\t\t\t\t\t<\/div>\n\t\t<\/div>\n\t\t\t\t\t<\/div>\n\t\t<\/section>\n\t\t\t\t<section class=\"elementor-section elementor-top-section elementor-element elementor-element-a316115 elementor-section-boxed elementor-section-height-default elementor-section-height-default\" data-id=\"a316115\" data-element_type=\"section\">\n\t\t\t\t\t\t<div class=\"elementor-container elementor-column-gap-default\">\n\t\t\t\t\t<div class=\"elementor-column elementor-col-100 elementor-top-column elementor-element elementor-element-f1777ab\" data-id=\"f1777ab\" data-element_type=\"column\">\n\t\t\t<div class=\"elementor-widget-wrap elementor-element-populated\">\n\t\t\t\t\t\t<div class=\"elementor-element elementor-element-94ab125 elementor-widget elementor-widget-accordion\" data-id=\"94ab125\" data-element_type=\"widget\" data-widget_type=\"accordion.default\">\n\t\t\t\t<div class=\"elementor-widget-container\">\n\t\t\t\t\t\t\t<div class=\"elementor-accordion\">\n\t\t\t\t\t\t\t<div class=\"elementor-accordion-item\">\n\t\t\t\t\t<div id=\"elementor-tab-title-1551\" class=\"elementor-tab-title\" data-tab=\"1\" role=\"button\" aria-controls=\"elementor-tab-content-1551\" aria-expanded=\"false\">\n\t\t\t\t\t\t\t\t\t\t\t\t\t<span class=\"elementor-accordion-icon elementor-accordion-icon-left\" aria-hidden=\"true\">\n\t\t\t\t\t\t\t\t\t\t\t\t\t\t\t<span class=\"elementor-accordion-icon-closed\"><i class=\"fas fa-plus\"><\/i><\/span>\n\t\t\t\t\t\t\t\t<span class=\"elementor-accordion-icon-opened\"><i class=\"fas fa-minus\"><\/i><\/span>\n\t\t\t\t\t\t\t\t\t\t\t\t\t\t<\/span>\n\t\t\t\t\t\t\t\t\t\t\t\t<a class=\"elementor-accordion-title\" tabindex=\"0\">Trasferimento dall'aeroporto di Zara<\/a>\n\t\t\t\t\t<\/div>\n\t\t\t\t\t<div id=\"elementor-tab-content-1551\" class=\"elementor-tab-content elementor-clearfix\" data-tab=\"1\" role=\"region\" aria-labelledby=\"elementor-tab-title-1551\"><p>L&#8217;aeroporto di Zara si trova a soli 10 km dal centro di Zara. C&#8217;\u00e8 un regolare servizio di bus navetta e taxi disponibili. <\/p>\n<p>Da Zara c&#8217;\u00e8 un servizio regolare di autobus per Sebenico (<a href=\"http:\/\/traveling.com\/en-gb\/coach\/zadar\/sibenik\">link agli orari degli autobus<\/a>). Il viaggio in autobus dura circa 90 minuti. <\/p>\n<\/div>\n\t\t\t\t<\/div>\n\t\t\t\t\t\t\t<div class=\"elementor-accordion-item\">\n\t\t\t\t\t<div id=\"elementor-tab-title-1552\" class=\"elementor-tab-title\" data-tab=\"2\" role=\"button\" aria-controls=\"elementor-tab-content-1552\" aria-expanded=\"false\">\n\t\t\t\t\t\t\t\t\t\t\t\t\t<span class=\"elementor-accordion-icon elementor-accordion-icon-left\" aria-hidden=\"true\">\n\t\t\t\t\t\t\t\t\t\t\t\t\t\t\t<span class=\"elementor-accordion-icon-closed\"><i class=\"fas fa-plus\"><\/i><\/span>\n\t\t\t\t\t\t\t\t<span class=\"elementor-accordion-icon-opened\"><i class=\"fas fa-minus\"><\/i><\/span>\n\t\t\t\t\t\t\t\t\t\t\t\t\t\t<\/span>\n\t\t\t\t\t\t\t\t\t\t\t\t<a class=\"elementor-accordion-title\" tabindex=\"0\">Trasferimento dall'aeroporto di Spalato<\/a>\n\t\t\t\t\t<\/div>\n\t\t\t\t\t<div id=\"elementor-tab-content-1552\" class=\"elementor-tab-content elementor-clearfix\" data-tab=\"2\" role=\"region\" aria-labelledby=\"elementor-tab-title-1552\"><p>C&#8217;\u00e8 un regolare servizio di bus navetta o taxi che vi porter\u00e0 dall&#8217;aeroporto alla citt\u00e0 di Spalato. Da Spalato c&#8217;\u00e8 un servizio regolare di autobus per Sebenico (<a href=\"http:\/\/traveling.com\/en-gb\/coach\/split\/sibenik\">link agli orari degli autobus<\/a>). Il viaggio in autobus dura circa 90 minuti.  <\/p>\n<\/div>\n\t\t\t\t<\/div>\n\t\t\t\t\t\t\t\t<\/div>\n\t\t\t\t\t\t<\/div>\n\t\t\t\t<\/div>\n\t\t\t\t\t<\/div>\n\t\t<\/div>\n\t\t\t\t\t<\/div>\n\t\t<\/section>\n\t\t\t\t<section class=\"elementor-section elementor-top-section elementor-element elementor-element-d893cdd elementor-section-boxed elementor-section-height-default elementor-section-height-default\" data-id=\"d893cdd\" data-element_type=\"section\">\n\t\t\t\t\t\t<div class=\"elementor-container elementor-column-gap-default\">\n\t\t\t\t\t<div class=\"elementor-column elementor-col-50 elementor-top-column elementor-element elementor-element-732ad8f\" data-id=\"732ad8f\" data-element_type=\"column\" data-settings=\"{&quot;background_background&quot;:&quot;classic&quot;}\">\n\t\t\t<div class=\"elementor-widget-wrap elementor-element-populated\">\n\t\t\t\t\t\t<div class=\"elementor-element elementor-element-650f8b9 elementor-widget elementor-widget-button\" data-id=\"650f8b9\" data-element_type=\"widget\" data-widget_type=\"button.default\">\n\t\t\t\t<div class=\"elementor-widget-container\">\n\t\t\t\t\t\t\t\t\t<div class=\"elementor-button-wrapper\">\n\t\t\t\t\t<a class=\"elementor-button elementor-size-sm\" role=\"button\">\n\t\t\t\t\t\t<span class=\"elementor-button-content-wrapper\">\n\t\t\t\t\t\t\t\t\t<span class=\"elementor-button-text\">In autobus<\/span>\n\t\t\t\t\t<\/span>\n\t\t\t\t\t<\/a>\n\t\t\t\t<\/div>\n\t\t\t\t\t\t\t\t<\/div>\n\t\t\t\t<\/div>\n\t\t\t\t\t<\/div>\n\t\t<\/div>\n\t\t\t\t<div class=\"elementor-column elementor-col-50 elementor-top-column elementor-element elementor-element-220c746\" data-id=\"220c746\" data-element_type=\"column\" data-settings=\"{&quot;background_background&quot;:&quot;classic&quot;}\">\n\t\t\t<div class=\"elementor-widget-wrap elementor-element-populated\">\n\t\t\t\t\t\t<div class=\"elementor-element elementor-element-0bdfea9 elementor-widget elementor-widget-text-editor\" data-id=\"0bdfea9\" data-element_type=\"widget\" data-widget_type=\"text-editor.default\">\n\t\t\t\t<div class=\"elementor-widget-container\">\n\t\t\t\t\t\t\t\t\t<p><span style=\"color: #4054b2;\"><strong>IN AUTOBUS<\/strong><\/span><\/p><p>C&#8217;\u00e8 un servizio regolare di autobus per Sebenico da Zagabria e da tutte le principali citt\u00e0 croate. Ecco un <a href=\"https:\/\/getbybus.com\/en-gb\/\">link agli orari degli autobus<\/a>. <\/p>\t\t\t\t\t\t\t\t<\/div>\n\t\t\t\t<\/div>\n\t\t\t\t\t<\/div>\n\t\t<\/div>\n\t\t\t\t\t<\/div>\n\t\t<\/section>\n\t\t\t\t<section class=\"elementor-section elementor-top-section elementor-element elementor-element-75431d1 elementor-section-boxed elementor-section-height-default elementor-section-height-default\" data-id=\"75431d1\" data-element_type=\"section\">\n\t\t\t\t\t\t<div class=\"elementor-container elementor-column-gap-default\">\n\t\t\t\t\t<div class=\"elementor-column elementor-col-50 elementor-top-column elementor-element elementor-element-9235764\" data-id=\"9235764\" data-element_type=\"column\" data-settings=\"{&quot;background_background&quot;:&quot;classic&quot;}\">\n\t\t\t<div class=\"elementor-widget-wrap elementor-element-populated\">\n\t\t\t\t\t\t<div class=\"elementor-element elementor-element-cb61f65 elementor-widget elementor-widget-button\" data-id=\"cb61f65\" data-element_type=\"widget\" data-widget_type=\"button.default\">\n\t\t\t\t<div class=\"elementor-widget-container\">\n\t\t\t\t\t\t\t\t\t<div class=\"elementor-button-wrapper\">\n\t\t\t\t\t<a class=\"elementor-button elementor-size-sm\" role=\"button\">\n\t\t\t\t\t\t<span class=\"elementor-button-content-wrapper\">\n\t\t\t\t\t\t\t\t\t<span class=\"elementor-button-text\">In auto<\/span>\n\t\t\t\t\t<\/span>\n\t\t\t\t\t<\/a>\n\t\t\t\t<\/div>\n\t\t\t\t\t\t\t\t<\/div>\n\t\t\t\t<\/div>\n\t\t\t\t\t<\/div>\n\t\t<\/div>\n\t\t\t\t<div class=\"elementor-column elementor-col-50 elementor-top-column elementor-element elementor-element-e101317\" data-id=\"e101317\" data-element_type=\"column\" data-settings=\"{&quot;background_background&quot;:&quot;classic&quot;}\">\n\t\t\t<div class=\"elementor-widget-wrap elementor-element-populated\">\n\t\t\t\t\t\t<div class=\"elementor-element elementor-element-8884cf4 elementor-widget elementor-widget-text-editor\" data-id=\"8884cf4\" data-element_type=\"widget\" data-widget_type=\"text-editor.default\">\n\t\t\t\t<div class=\"elementor-widget-container\">\n\t\t\t\t\t\t\t\t\t<p><span style=\"color: #4054b2;\"><strong>IN AUTO<\/strong><\/span><\/p><p>Un viaggio sull&#8217;autostrada A1 vi porter\u00e0 comodamente a Sebenico.  <\/p>\t\t\t\t\t\t\t\t<\/div>\n\t\t\t\t<\/div>\n\t\t\t\t\t<\/div>\n\t\t<\/div>\n\t\t\t\t\t<\/div>\n\t\t<\/section>\n\t\t\t\t<\/div>\n\t\t","protected":false},"excerpt":{"rendered":"<p>Arrivo Il 2\u00b0 Festival Adria Camino si terr\u00e0 dal 26 al 28 settembre 2025 nella citt\u00e0 di Sebenico in Croazia. La citt\u00e0 di Sebenico \u00e8 raggiungibile in aereo da varie destinazioni europee, in autobus o in auto. Gli aeroporti di Zara e Spalato sono i pi\u00f9 vicini e offrono una selezione di voli low cost [&hellip;]<\/p>\n","protected":false},"author":1,"featured_media":0,"parent":0,"menu_order":0,"comment_status":"closed","ping_status":"closed","template":"","meta":{"footnotes":""},"folder":[],"class_list":["post-2060","page","type-page","status-publish","hentry"],"_links":{"self":[{"href":"https:\/\/adriacaminofestival.com\/it\/wp-json\/wp\/v2\/pages\/2060","targetHints":{"allow":["GET"]}}],"collection":[{"href":"https:\/\/adriacaminofestival.com\/it\/wp-json\/wp\/v2\/pages"}],"about":[{"href":"https:\/\/adriacaminofestival.com\/it\/wp-json\/wp\/v2\/types\/page"}],"author":[{"embeddable":true,"href":"https:\/\/adriacaminofestival.com\/it\/wp-json\/wp\/v2\/users\/1"}],"replies":[{"embeddable":true,"href":"https:\/\/adriacaminofestival.com\/it\/wp-json\/wp\/v2\/comments?post=2060"}],"version-history":[{"count":1,"href":"https:\/\/adriacaminofestival.com\/it\/wp-json\/wp\/v2\/pages\/2060\/revisions"}],"predecessor-version":[{"id":2061,"href":"https:\/\/adriacaminofestival.com\/it\/wp-json\/wp\/v2\/pages\/2060\/revisions\/2061"}],"wp:attachment":[{"href":"https:\/\/adriacaminofestival.com\/it\/wp-json\/wp\/v2\/media?parent=2060"}],"wp:term":[{"taxonomy":"folder","embeddable":true,"href":"https:\/\/adriacaminofestival.com\/it\/wp-json\/wp\/v2\/folder?post=2060"}],"curies":[{"name":"wp","href":"https:\/\/api.w.org\/{rel}","templated":true}]}}