{"id":2083,"date":"2024-01-12T12:30:20","date_gmt":"2024-01-12T12:30:20","guid":{"rendered":"https:\/\/adriacaminofestival.com\/espositori\/"},"modified":"2025-07-08T13:25:39","modified_gmt":"2025-07-08T13:25:39","slug":"espositori","status":"publish","type":"page","link":"https:\/\/adriacaminofestival.com\/it\/espositori\/","title":{"rendered":"Espositori"},"content":{"rendered":"\t\t<div data-elementor-type=\"wp-page\" data-elementor-id=\"2083\" class=\"elementor elementor-2083 elementor-447\" data-elementor-post-type=\"page\">\n\t\t\t\t\t\t<section class=\"elementor-section elementor-top-section elementor-element elementor-element-24732af elementor-section-height-min-height elementor-section-full_width elementor-section-height-default elementor-section-items-middle\" data-id=\"24732af\" data-element_type=\"section\" data-settings=\"{&quot;background_background&quot;:&quot;classic&quot;}\">\n\t\t\t\t\t\t<div class=\"elementor-container elementor-column-gap-default\">\n\t\t\t\t\t<div class=\"elementor-column elementor-col-100 elementor-top-column elementor-element elementor-element-e60b837\" data-id=\"e60b837\" data-element_type=\"column\" data-settings=\"{&quot;background_background&quot;:&quot;classic&quot;}\">\n\t\t\t<div class=\"elementor-widget-wrap elementor-element-populated\">\n\t\t\t\t\t\t<div class=\"elementor-element elementor-element-b77e54e elementor-widget elementor-widget-spacer\" data-id=\"b77e54e\" data-element_type=\"widget\" data-widget_type=\"spacer.default\">\n\t\t\t\t<div class=\"elementor-widget-container\">\n\t\t\t\t\t\t\t<div class=\"elementor-spacer\">\n\t\t\t<div class=\"elementor-spacer-inner\"><\/div>\n\t\t<\/div>\n\t\t\t\t\t\t<\/div>\n\t\t\t\t<\/div>\n\t\t\t\t\t<\/div>\n\t\t<\/div>\n\t\t\t\t\t<\/div>\n\t\t<\/section>\n\t\t\t\t<section class=\"elementor-section elementor-top-section elementor-element elementor-element-4626364 elementor-section-boxed elementor-section-height-default elementor-section-height-default\" data-id=\"4626364\" data-element_type=\"section\">\n\t\t\t\t\t\t<div class=\"elementor-container elementor-column-gap-default\">\n\t\t\t\t\t<div class=\"elementor-column elementor-col-100 elementor-top-column elementor-element elementor-element-10b875b\" data-id=\"10b875b\" data-element_type=\"column\">\n\t\t\t<div class=\"elementor-widget-wrap elementor-element-populated\">\n\t\t\t\t\t\t<div class=\"elementor-element elementor-element-9f932f9 elementor-widget elementor-widget-text-editor\" data-id=\"9f932f9\" data-element_type=\"widget\" data-widget_type=\"text-editor.default\">\n\t\t\t\t<div class=\"elementor-widget-container\">\n\t\t\t\t\t\t\t\t\t<h2 data-start=\"238\" data-end=\"305\"><span style=\"color: #000080;\">Diventa sponsor del 2\u00b0 Adria Camino Festival<\/span><\/h2><p data-start=\"306\" data-end=\"333\"><em><span style=\"color: #000000;\"><strong data-start=\"306\" data-end=\"333\">Sebenico, 26-28 settembre 2025<\/strong><\/span><\/em><\/p><p data-start=\"335\" data-end=\"673\"><span style=\"color: #000000;\">Dopo il successo del debutto a Pola, torna <strong data-start=\"373\" data-end=\"398\">l&#8217;Adria Camino Festival<\/strong> , questa volta nella splendida citt\u00e0 UNESCO di <strong data-start=\"450\" data-end=\"461\">Sebenico<\/strong>, in Croazia. La seconda edizione, che si svolger\u00e0 nel <strong data-start=\"488\" data-end=\"506\">settembre 2025<\/strong>, accoglier\u00e0 pellegrini, professionisti del turismo e associazioni di Cammini provenienti da tutta Europa per tre giorni di festa, educazione e connessione. <\/span><\/p><p data-start=\"675\" data-end=\"911\"><span style=\"color: #000000;\">Organizzato in collaborazione con la <strong data-start=\"709\" data-end=\"748\">Federazione Camino Europa Compostela<\/strong>, il festival sta diventando un evento importante nel calendario internazionale del Cammino, con la partecipazione di <strong data-start=\"832\" data-end=\"886\">associazioni di pellegrini del Cammino provenienti da oltre 25 paesi<\/strong> .<br><br><\/span><\/p><hr data-start=\"913\" data-end=\"916\"><h3 data-start=\"918\" data-end=\"970\"><span style=\"color: #000080;\"><br>Perch\u00e9 sponsorizzare l&#8217;Adria Camino Festival?<\/span><\/h3><h4 data-start=\"972\" data-end=\"1027\"><span style=\"color: #000000;\">Raggiungi una comunit\u00e0 globale di pellegrini appassionati<\/span><\/h4><p data-start=\"1028\" data-end=\"1193\"><span style=\"color: #000000;\">Il nostro pubblico \u00e8 internazionale, orientato ai valori e in crescita. Dagli escursionisti esperti a lungo raggio ai pellegrini per la prima volta.   <\/span><span style=\"color: #000000;\">Il tuo marchio sar\u00e0 posizionato direttamente di fronte a un pubblico altamente mirato e influente.<\/span><\/p><h4 data-start=\"1754\" data-end=\"1805\"><span style=\"color: #000000;\">Approfitta della visibilit\u00e0 e della promozione transfrontaliere<\/span><\/h4><p data-start=\"1806\" data-end=\"1886\"><span style=\"color: #000000;\">Il festival offre agli sponsor un&#8217;opportunit\u00e0 di visibilit\u00e0 multi-mercato attraverso la<\/span><span style=\"color: #000000;\">stampa internazionale e la copertura mediatica, il web e <\/span><span style=\"color: #000000;\">i social media in pi\u00f9 lingue.<\/span><\/p><h4 data-start=\"2126\" data-end=\"2173\"><span style=\"color: #000000;\">Mostra il tuo marchio in un ambiente unico<\/span><\/h4><p data-start=\"2174\" data-end=\"2333\"><span style=\"color: #000000;\">Gli sponsor e gli espositori potranno godere:<\/span><\/p><ul data-start=\"2334\" data-end=\"2544\"><li data-start=\"2334\" data-end=\"2376\"><p data-start=\"2336\" data-end=\"2376\"><span style=\"color: #000000;\">Marchio premium nelle principali sedi dei festival<\/span><\/p><\/li><li data-start=\"2377\" data-end=\"2418\"><p data-start=\"2379\" data-end=\"2418\"><span style=\"color: #000000;\">Stand espositivi in aree ad alto traffico<\/span><\/p><\/li><li data-start=\"2419\" data-end=\"2481\"><p data-start=\"2421\" data-end=\"2481\"><span style=\"color: #000000;\">Dimostrazioni di prodotti, conferenze e opportunit\u00e0 promozionali<\/span><\/p><\/li><li data-start=\"2482\" data-end=\"2544\"><p data-start=\"2484\" data-end=\"2544\"><span style=\"color: #000000;\">Coinvolgimento diretto sia con i professionisti che con il grande pubblico<br><br><\/span><\/p><\/li><\/ul><hr data-start=\"2546\" data-end=\"2549\"><h3 data-start=\"2551\" data-end=\"2588\"><span style=\"color: #000080;\"><br>Pacchetti di sponsorizzazione e mostre<\/span><\/h3><p data-start=\"2590\" data-end=\"2775\"><span style=\"color: #000000;\">Che tu sia un marchio globale, un ente turistico regionale o un artigiano locale, offriamo una gamma di pacchetti per soddisfare i tuoi obiettivi, dalle sponsorizzazioni principali ai posti per gli espositori a prezzi accessibili.<\/span><\/p><p data-start=\"2777\" data-end=\"2952\"><span style=\"color: #000000;\"><strong data-start=\"2780\" data-end=\"2800\"><a href=\"https:\/\/adriacaminofestival.com\/it\/contatto\/\">Contattaci<\/a> oggi stesso<\/strong> per ricevere la nostra <strong data-start=\"2887\" data-end=\"2923\">brochure per le sponsorizzazioni e gli espositori.<\/strong>  <br><br><\/span><\/p><hr data-start=\"2954\" data-end=\"2957\"><p data-start=\"2959\" data-end=\"3087\"> <\/p>\t\t\t\t\t\t\t\t<\/div>\n\t\t\t\t<\/div>\n\t\t\t\t\t<\/div>\n\t\t<\/div>\n\t\t\t\t\t<\/div>\n\t\t<\/section>\n\t\t\t\t<\/div>\n\t\t","protected":false},"excerpt":{"rendered":"<p>Diventa sponsor del 2\u00b0 Adria Camino Festival Sebenico, 26-28 settembre 2025 Dopo il successo del debutto a Pola, torna l&#8217;Adria Camino Festival , questa volta nella splendida citt\u00e0 UNESCO di Sebenico, in Croazia. La seconda edizione, che si svolger\u00e0 nel settembre 2025, accoglier\u00e0 pellegrini, professionisti del turismo e associazioni di Cammini provenienti da tutta Europa [&hellip;]<\/p>\n","protected":false},"author":1,"featured_media":0,"parent":0,"menu_order":0,"comment_status":"closed","ping_status":"closed","template":"","meta":{"footnotes":""},"folder":[],"class_list":["post-2083","page","type-page","status-publish","hentry"],"_links":{"self":[{"href":"https:\/\/adriacaminofestival.com\/it\/wp-json\/wp\/v2\/pages\/2083","targetHints":{"allow":["GET"]}}],"collection":[{"href":"https:\/\/adriacaminofestival.com\/it\/wp-json\/wp\/v2\/pages"}],"about":[{"href":"https:\/\/adriacaminofestival.com\/it\/wp-json\/wp\/v2\/types\/page"}],"author":[{"embeddable":true,"href":"https:\/\/adriacaminofestival.com\/it\/wp-json\/wp\/v2\/users\/1"}],"replies":[{"embeddable":true,"href":"https:\/\/adriacaminofestival.com\/it\/wp-json\/wp\/v2\/comments?post=2083"}],"version-history":[{"count":1,"href":"https:\/\/adriacaminofestival.com\/it\/wp-json\/wp\/v2\/pages\/2083\/revisions"}],"predecessor-version":[{"id":2084,"href":"https:\/\/adriacaminofestival.com\/it\/wp-json\/wp\/v2\/pages\/2083\/revisions\/2084"}],"wp:attachment":[{"href":"https:\/\/adriacaminofestival.com\/it\/wp-json\/wp\/v2\/media?parent=2083"}],"wp:term":[{"taxonomy":"folder","embeddable":true,"href":"https:\/\/adriacaminofestival.com\/it\/wp-json\/wp\/v2\/folder?post=2083"}],"curies":[{"name":"wp","href":"https:\/\/api.w.org\/{rel}","templated":true}]}}