{"id":2173,"date":"2023-09-18T19:39:26","date_gmt":"2023-09-18T19:39:26","guid":{"rendered":"https:\/\/adriacaminofestival.com\/chi-siamo\/"},"modified":"2025-07-08T13:56:00","modified_gmt":"2025-07-08T13:56:00","slug":"chi-siamo","status":"publish","type":"page","link":"https:\/\/adriacaminofestival.com\/it\/chi-siamo\/","title":{"rendered":"Chi Siamo"},"content":{"rendered":"\t\t<div data-elementor-type=\"wp-page\" data-elementor-id=\"2173\" class=\"elementor elementor-2173 elementor-38\" data-elementor-post-type=\"page\">\n\t\t\t\t\t\t<section class=\"elementor-section elementor-top-section elementor-element elementor-element-4ef6fa30 elementor-section-height-min-height elementor-section-full_width elementor-section-height-default elementor-section-items-middle\" data-id=\"4ef6fa30\" data-element_type=\"section\" data-settings=\"{&quot;background_background&quot;:&quot;classic&quot;}\">\n\t\t\t\t\t\t<div class=\"elementor-container elementor-column-gap-default\">\n\t\t\t\t\t<div class=\"elementor-column elementor-col-100 elementor-top-column elementor-element elementor-element-1a5c935b\" data-id=\"1a5c935b\" data-element_type=\"column\" data-settings=\"{&quot;background_background&quot;:&quot;classic&quot;}\">\n\t\t\t<div class=\"elementor-widget-wrap elementor-element-populated\">\n\t\t\t\t\t\t<div class=\"elementor-element elementor-element-47a3fa80 elementor-widget elementor-widget-spacer\" data-id=\"47a3fa80\" data-element_type=\"widget\" data-widget_type=\"spacer.default\">\n\t\t\t\t<div class=\"elementor-widget-container\">\n\t\t\t\t\t\t\t<div class=\"elementor-spacer\">\n\t\t\t<div class=\"elementor-spacer-inner\"><\/div>\n\t\t<\/div>\n\t\t\t\t\t\t<\/div>\n\t\t\t\t<\/div>\n\t\t\t\t\t<\/div>\n\t\t<\/div>\n\t\t\t\t\t<\/div>\n\t\t<\/section>\n\t\t\t\t<section class=\"elementor-section elementor-top-section elementor-element elementor-element-15e91b8e elementor-section-boxed elementor-section-height-default elementor-section-height-default\" data-id=\"15e91b8e\" data-element_type=\"section\">\n\t\t\t\t\t\t<div class=\"elementor-container elementor-column-gap-default\">\n\t\t\t\t\t<div class=\"elementor-column elementor-col-100 elementor-top-column elementor-element elementor-element-45061835\" data-id=\"45061835\" data-element_type=\"column\">\n\t\t\t<div class=\"elementor-widget-wrap elementor-element-populated\">\n\t\t\t\t\t\t<div class=\"elementor-element elementor-element-19078581 elementor-widget__width-initial elementor-widget elementor-widget-text-editor\" data-id=\"19078581\" data-element_type=\"widget\" data-widget_type=\"text-editor.default\">\n\t\t\t\t<div class=\"elementor-widget-container\">\n\t\t\t\t\t\t\t\t\t<h4 style=\"text-align: center;\"><span style=\"color: #4054b2;\">Chi Siamo<\/span><\/h4>\n<p style=\"text-align: center;\">L&#8217;Adria Camino Festival \u00e8 organizzato dalla Confraternita di San Giacomo &#8211; Croazia.<\/p>\n<p style=\"text-align: center;\">La Confraternita di San Giacomo &#8211; Croazia, \u00e8 un&#8217;associazione senza scopo di lucro il cui obiettivo \u00e8 quello di promuovere il ricco patrimonio culturale, storico e spirituale del Cammino di Santiago &#8211; Il Cammino di Santiago. Seguiamo la tradizione delle confraternite croate che aiutavano i pellegrini nel loro cammino verso Santiago de Compostela dal 1203 d.C. &nbsp;&nbsp;<\/p>\n<p style=\"text-align: center;\">La nostra Confraternita \u00e8 il rappresentante ufficiale della Croazia presso la federazione &#8220;Camino Europa Compostela&#8221; e l&#8217;Archicofrad\u00eda Universal del Ap\u00f3stol Santiago a Santiago de Compostela. Abbiamo pubblicato la Credenziale croata, organizzato diversi pellegrinaggi a Santiago, partecipato a conferenze internazionali e siamo attivamente impegnati in diversi progetti. Il nostro progetto pi\u00f9 significativo \u00e8 il Cammino di Croazia &#8211; ripristino dei sentieri di pellegrinaggio medievali dalla Croazia a Santiago de Compostela.  <\/p>\n<p style=\"text-align: center;\"><a href=\"https:\/\/caminocroatia.com\/camino-in-croatia\/\">Camino Croatia<\/a> \u00e8 un progetto che mira a promuovere il patrimonio culturale e l&#8217;identit\u00e0 europea comune, aiutare lo sviluppo sostenibile delle comunit\u00e0 locali, promuovere abitudini di vita sane e un sollievo dallo stress straordinariamente efficace, riunire persone provenienti da diversi segmenti della societ\u00e0, nonch\u00e9 aiutare le persone a trovare la loro pace interiore.&nbsp;&nbsp;<\/p>\n<p style=\"text-align: center;\">Il Cammino \u00e8 un&#8217;esperienza aperta a persone di tutte le nazioni, razze, et\u00e0, credenze, valori.. Ci piacerebbe aiutarti a iniziare il tuo Cammino in Croazia e scoprire il ricco patrimonio culturale e naturale che ha da offrire.<\/p>\t\t\t\t\t\t\t\t<\/div>\n\t\t\t\t<\/div>\n\t\t\t\t\t<\/div>\n\t\t<\/div>\n\t\t\t\t\t<\/div>\n\t\t<\/section>\n\t\t\t\t<\/div>\n\t\t","protected":false},"excerpt":{"rendered":"<p>Chi Siamo L&#8217;Adria Camino Festival \u00e8 organizzato dalla Confraternita di San Giacomo &#8211; Croazia. La Confraternita di San Giacomo &#8211; Croazia, \u00e8 un&#8217;associazione senza scopo di lucro il cui obiettivo \u00e8 quello di promuovere il ricco patrimonio culturale, storico e spirituale del Cammino di Santiago &#8211; Il Cammino di Santiago. Seguiamo la tradizione delle confraternite [&hellip;]<\/p>\n","protected":false},"author":1,"featured_media":0,"parent":0,"menu_order":0,"comment_status":"closed","ping_status":"closed","template":"","meta":{"footnotes":""},"folder":[],"class_list":["post-2173","page","type-page","status-publish","hentry"],"_links":{"self":[{"href":"https:\/\/adriacaminofestival.com\/it\/wp-json\/wp\/v2\/pages\/2173","targetHints":{"allow":["GET"]}}],"collection":[{"href":"https:\/\/adriacaminofestival.com\/it\/wp-json\/wp\/v2\/pages"}],"about":[{"href":"https:\/\/adriacaminofestival.com\/it\/wp-json\/wp\/v2\/types\/page"}],"author":[{"embeddable":true,"href":"https:\/\/adriacaminofestival.com\/it\/wp-json\/wp\/v2\/users\/1"}],"replies":[{"embeddable":true,"href":"https:\/\/adriacaminofestival.com\/it\/wp-json\/wp\/v2\/comments?post=2173"}],"version-history":[{"count":1,"href":"https:\/\/adriacaminofestival.com\/it\/wp-json\/wp\/v2\/pages\/2173\/revisions"}],"predecessor-version":[{"id":2174,"href":"https:\/\/adriacaminofestival.com\/it\/wp-json\/wp\/v2\/pages\/2173\/revisions\/2174"}],"wp:attachment":[{"href":"https:\/\/adriacaminofestival.com\/it\/wp-json\/wp\/v2\/media?parent=2173"}],"wp:term":[{"taxonomy":"folder","embeddable":true,"href":"https:\/\/adriacaminofestival.com\/it\/wp-json\/wp\/v2\/folder?post=2173"}],"curies":[{"name":"wp","href":"https:\/\/api.w.org\/{rel}","templated":true}]}}